{"id":4536,"date":"2020-07-19T12:45:21","date_gmt":"2020-07-19T11:45:21","guid":{"rendered":"https:\/\/ros.a-rt.ch\/?page_id=4536"},"modified":"2020-07-25T12:28:37","modified_gmt":"2020-07-25T13:28:37","slug":"werke-von-1995-bis-2000","status":"publish","type":"page","link":"https:\/\/ros.a-rt.ch\/?page_id=4536","title":{"rendered":"Werke 1995 &#8211; 2000"},"content":{"rendered":"\n<p>   <\/p>\n\n\n<ul class=\"wp-block-latest-posts__list wp-block-latest-posts\"><li><div class=\"wp-block-latest-posts__featured-image alignleft\"><img loading=\"lazy\" decoding=\"async\" width=\"150\" height=\"150\" src=\"https:\/\/ros.a-rt.ch\/wp-content\/uploads\/2013\/01\/WandlungI-1998-e1597775863491-150x150.jpg\" class=\"attachment-thumbnail size-thumbnail wp-post-image\" alt=\"\" style=\"\" srcset=\"https:\/\/ros.a-rt.ch\/wp-content\/uploads\/2013\/01\/WandlungI-1998-e1597775863491-150x150.jpg 150w, https:\/\/ros.a-rt.ch\/wp-content\/uploads\/2013\/01\/WandlungI-1998-e1597775863491-768x775.jpg 768w, https:\/\/ros.a-rt.ch\/wp-content\/uploads\/2013\/01\/WandlungI-1998-e1597775863491-200x200.jpg 200w, https:\/\/ros.a-rt.ch\/wp-content\/uploads\/2013\/01\/WandlungI-1998-e1597775863491-100x100.jpg 100w, https:\/\/ros.a-rt.ch\/wp-content\/uploads\/2013\/01\/WandlungI-1998-e1597775863491-40x40.jpg 40w, https:\/\/ros.a-rt.ch\/wp-content\/uploads\/2013\/01\/WandlungI-1998-e1597775863491.jpg 931w\" sizes=\"auto, (max-width: 150px) 100vw, 150px\" \/><\/div><a class=\"wp-block-latest-posts__post-title\" href=\"https:\/\/ros.a-rt.ch\/?p=1316\">Wandlung I, 1998<\/a><div class=\"wp-block-latest-posts__post-excerpt\">Gr\u00f6sse: 25,5 x 25,5 cm Technik: \u00d6lkreide, Graphit auf Karton<\/div><\/li>\n<li><div class=\"wp-block-latest-posts__featured-image alignleft\"><img loading=\"lazy\" decoding=\"async\" width=\"150\" height=\"150\" src=\"https:\/\/ros.a-rt.ch\/wp-content\/uploads\/2013\/01\/WandlungII-1998-e1597775890155-150x150.jpg\" class=\"attachment-thumbnail size-thumbnail wp-post-image\" alt=\"\" style=\"\" srcset=\"https:\/\/ros.a-rt.ch\/wp-content\/uploads\/2013\/01\/WandlungII-1998-e1597775890155-150x150.jpg 150w, https:\/\/ros.a-rt.ch\/wp-content\/uploads\/2013\/01\/WandlungII-1998-e1597775890155-200x200.jpg 200w, https:\/\/ros.a-rt.ch\/wp-content\/uploads\/2013\/01\/WandlungII-1998-e1597775890155-100x100.jpg 100w, https:\/\/ros.a-rt.ch\/wp-content\/uploads\/2013\/01\/WandlungII-1998-e1597775890155-40x40.jpg 40w\" sizes=\"auto, (max-width: 150px) 100vw, 150px\" \/><\/div><a class=\"wp-block-latest-posts__post-title\" href=\"https:\/\/ros.a-rt.ch\/?p=1314\">Wandlung II, 1998<\/a><div class=\"wp-block-latest-posts__post-excerpt\">Gr\u00f6sse: 25,5 x 25,5 cm Technik: \u00d6lkreide, Graphit auf Karton<\/div><\/li>\n<li><div class=\"wp-block-latest-posts__featured-image alignleft\"><img loading=\"lazy\" decoding=\"async\" width=\"150\" height=\"150\" src=\"https:\/\/ros.a-rt.ch\/wp-content\/uploads\/2013\/01\/WandlungIII-1998-e1597775919789-150x150.jpg\" class=\"attachment-thumbnail size-thumbnail wp-post-image\" alt=\"\" style=\"\" srcset=\"https:\/\/ros.a-rt.ch\/wp-content\/uploads\/2013\/01\/WandlungIII-1998-e1597775919789-150x150.jpg 150w, https:\/\/ros.a-rt.ch\/wp-content\/uploads\/2013\/01\/WandlungIII-1998-e1597775919789-300x300.jpg 300w, https:\/\/ros.a-rt.ch\/wp-content\/uploads\/2013\/01\/WandlungIII-1998-e1597775919789-768x766.jpg 768w, https:\/\/ros.a-rt.ch\/wp-content\/uploads\/2013\/01\/WandlungIII-1998-e1597775919789-200x200.jpg 200w, https:\/\/ros.a-rt.ch\/wp-content\/uploads\/2013\/01\/WandlungIII-1998-e1597775919789-100x100.jpg 100w, https:\/\/ros.a-rt.ch\/wp-content\/uploads\/2013\/01\/WandlungIII-1998-e1597775919789-40x40.jpg 40w, https:\/\/ros.a-rt.ch\/wp-content\/uploads\/2013\/01\/WandlungIII-1998-e1597775919789.jpg 926w\" sizes=\"auto, (max-width: 150px) 100vw, 150px\" \/><\/div><a class=\"wp-block-latest-posts__post-title\" href=\"https:\/\/ros.a-rt.ch\/?p=1312\">Wandlung III, 1998<\/a><div class=\"wp-block-latest-posts__post-excerpt\">Gr\u00f6sse: 25,5 x 25,5 cm Technik: \u00d6lkreide, Graphit auf Karton<\/div><\/li>\n<li><div class=\"wp-block-latest-posts__featured-image alignleft\"><img loading=\"lazy\" decoding=\"async\" width=\"150\" height=\"150\" src=\"https:\/\/ros.a-rt.ch\/wp-content\/uploads\/2013\/01\/WandlungIV-1998-e1597775945817-150x150.jpg\" class=\"attachment-thumbnail size-thumbnail wp-post-image\" alt=\"\" style=\"\" srcset=\"https:\/\/ros.a-rt.ch\/wp-content\/uploads\/2013\/01\/WandlungIV-1998-e1597775945817-150x150.jpg 150w, https:\/\/ros.a-rt.ch\/wp-content\/uploads\/2013\/01\/WandlungIV-1998-e1597775945817-300x300.jpg 300w, https:\/\/ros.a-rt.ch\/wp-content\/uploads\/2013\/01\/WandlungIV-1998-e1597775945817-768x771.jpg 768w, https:\/\/ros.a-rt.ch\/wp-content\/uploads\/2013\/01\/WandlungIV-1998-e1597775945817-200x200.jpg 200w, https:\/\/ros.a-rt.ch\/wp-content\/uploads\/2013\/01\/WandlungIV-1998-e1597775945817-100x100.jpg 100w, https:\/\/ros.a-rt.ch\/wp-content\/uploads\/2013\/01\/WandlungIV-1998-e1597775945817-40x40.jpg 40w, https:\/\/ros.a-rt.ch\/wp-content\/uploads\/2013\/01\/WandlungIV-1998-e1597775945817.jpg 922w\" sizes=\"auto, (max-width: 150px) 100vw, 150px\" \/><\/div><a class=\"wp-block-latest-posts__post-title\" href=\"https:\/\/ros.a-rt.ch\/?p=1310\">Wandlung IV, 1998<\/a><div class=\"wp-block-latest-posts__post-excerpt\">Gr\u00f6sse: 25,5 x 25,5 cm Technik: \u00d6lkreide, Graphit auf Karton<\/div><\/li>\n<li><div class=\"wp-block-latest-posts__featured-image alignleft\"><img loading=\"lazy\" decoding=\"async\" width=\"150\" height=\"150\" src=\"https:\/\/ros.a-rt.ch\/wp-content\/uploads\/2013\/01\/Balance-IIb-1998--150x150.jpg\" class=\"attachment-thumbnail size-thumbnail wp-post-image\" alt=\"\" style=\"\" \/><\/div><a class=\"wp-block-latest-posts__post-title\" href=\"https:\/\/ros.a-rt.ch\/?p=1324\">Balance II, 1998<\/a><div class=\"wp-block-latest-posts__post-excerpt\">Gr\u00f6sse: &nbsp;80 x 58 cm Technik: Mischtechnik (Stoff, Gips, Erdpigmente)<\/div><\/li>\n<li><div class=\"wp-block-latest-posts__featured-image alignleft\"><img loading=\"lazy\" decoding=\"async\" width=\"150\" height=\"150\" src=\"https:\/\/ros.a-rt.ch\/wp-content\/uploads\/2013\/01\/Senegal-RichardToll-1999-2-e1597775107207-150x150.jpg\" class=\"attachment-thumbnail size-thumbnail wp-post-image\" alt=\"\" style=\"\" srcset=\"https:\/\/ros.a-rt.ch\/wp-content\/uploads\/2013\/01\/Senegal-RichardToll-1999-2-e1597775107207-150x150.jpg 150w, https:\/\/ros.a-rt.ch\/wp-content\/uploads\/2013\/01\/Senegal-RichardToll-1999-2-e1597775107207-200x200.jpg 200w, https:\/\/ros.a-rt.ch\/wp-content\/uploads\/2013\/01\/Senegal-RichardToll-1999-2-e1597775107207-100x100.jpg 100w, https:\/\/ros.a-rt.ch\/wp-content\/uploads\/2013\/01\/Senegal-RichardToll-1999-2-e1597775107207-40x40.jpg 40w\" sizes=\"auto, (max-width: 150px) 100vw, 150px\" \/><\/div><a class=\"wp-block-latest-posts__post-title\" href=\"https:\/\/ros.a-rt.ch\/?p=1432\">Senegal RichardToll, 1999<\/a><div class=\"wp-block-latest-posts__post-excerpt\">Gr\u00f6sse: 75,5 x 52 cm Technik: \u00d6l auf Stoff auf Holzplatte aufgezogen<\/div><\/li>\n<li><div class=\"wp-block-latest-posts__featured-image alignleft\"><img loading=\"lazy\" decoding=\"async\" width=\"150\" height=\"150\" src=\"https:\/\/ros.a-rt.ch\/wp-content\/uploads\/2013\/01\/Senegal-Marktleben-1999-150x150.jpg\" class=\"attachment-thumbnail size-thumbnail wp-post-image\" alt=\"\" style=\"\" \/><\/div><a class=\"wp-block-latest-posts__post-title\" href=\"https:\/\/ros.a-rt.ch\/?p=1436\">Senegal Marktleben, 1999<\/a><div class=\"wp-block-latest-posts__post-excerpt\">Gr\u00f6sse: 72 x 72 cm Technik: \u00d6l auf Karton<\/div><\/li>\n<li><div class=\"wp-block-latest-posts__featured-image alignleft\"><img loading=\"lazy\" decoding=\"async\" width=\"150\" height=\"150\" src=\"https:\/\/ros.a-rt.ch\/wp-content\/uploads\/2013\/01\/Senegal-Wueste-beginnt-1999-150x150.jpg\" class=\"attachment-thumbnail size-thumbnail wp-post-image\" alt=\"\" style=\"\" \/><\/div><a class=\"wp-block-latest-posts__post-title\" href=\"https:\/\/ros.a-rt.ch\/?p=1442\">Senegal W\u00fcste beginnt, 1999<\/a><div class=\"wp-block-latest-posts__post-excerpt\">Gr\u00f6sse: 75,5 x 52 cm Technik: \u00d6l auf Karton<\/div><\/li>\n<li><div class=\"wp-block-latest-posts__featured-image alignleft\"><img loading=\"lazy\" decoding=\"async\" width=\"150\" height=\"150\" src=\"https:\/\/ros.a-rt.ch\/wp-content\/uploads\/2013\/01\/Senegal-Dakar-1999-150x150.jpg\" class=\"attachment-thumbnail size-thumbnail wp-post-image\" alt=\"\" style=\"\" \/><\/div><a class=\"wp-block-latest-posts__post-title\" href=\"https:\/\/ros.a-rt.ch\/?p=1444\">Senegal Dakar, 1999<\/a><div class=\"wp-block-latest-posts__post-excerpt\">Gr\u00f6sse: 32 x 25 cm Technik: \u00d6l auf Karton<\/div><\/li>\n<li><div class=\"wp-block-latest-posts__featured-image alignleft\"><img loading=\"lazy\" decoding=\"async\" width=\"150\" height=\"150\" src=\"https:\/\/ros.a-rt.ch\/wp-content\/uploads\/2013\/01\/Senegal-Eisvogel-1999-e1597774831718-150x150.jpg\" class=\"attachment-thumbnail size-thumbnail wp-post-image\" alt=\"\" style=\"\" srcset=\"https:\/\/ros.a-rt.ch\/wp-content\/uploads\/2013\/01\/Senegal-Eisvogel-1999-e1597774831718-150x150.jpg 150w, https:\/\/ros.a-rt.ch\/wp-content\/uploads\/2013\/01\/Senegal-Eisvogel-1999-e1597774831718-200x200.jpg 200w, https:\/\/ros.a-rt.ch\/wp-content\/uploads\/2013\/01\/Senegal-Eisvogel-1999-e1597774831718-100x100.jpg 100w, https:\/\/ros.a-rt.ch\/wp-content\/uploads\/2013\/01\/Senegal-Eisvogel-1999-e1597774831718-40x40.jpg 40w\" sizes=\"auto, (max-width: 150px) 100vw, 150px\" \/><\/div><a class=\"wp-block-latest-posts__post-title\" href=\"https:\/\/ros.a-rt.ch\/?p=1446\">Senegal Eisvogel, 1999<\/a><div class=\"wp-block-latest-posts__post-excerpt\">Gr\u00f6sse: 32 x 25 cm Technik: \u00d6l auf Karton<\/div><\/li>\n<li><div class=\"wp-block-latest-posts__featured-image alignleft\"><img loading=\"lazy\" decoding=\"async\" width=\"150\" height=\"150\" src=\"https:\/\/ros.a-rt.ch\/wp-content\/uploads\/2013\/01\/Senegal-LacRetba-1999-150x150.jpg\" class=\"attachment-thumbnail size-thumbnail wp-post-image\" alt=\"\" style=\"\" \/><\/div><a class=\"wp-block-latest-posts__post-title\" href=\"https:\/\/ros.a-rt.ch\/?p=1448\">Senegal LacRetba, 1999<\/a><div class=\"wp-block-latest-posts__post-excerpt\">Gr\u00f6sse: 32 x 25 cm Technik: \u00d6l auf Karton<\/div><\/li>\n<li><div class=\"wp-block-latest-posts__featured-image alignleft\"><img loading=\"lazy\" decoding=\"async\" width=\"150\" height=\"150\" src=\"https:\/\/ros.a-rt.ch\/wp-content\/uploads\/2013\/01\/Senegal-Landschaft-I-1999-150x150.jpg\" class=\"attachment-thumbnail size-thumbnail wp-post-image\" alt=\"\" style=\"\" \/><\/div><a class=\"wp-block-latest-posts__post-title\" href=\"https:\/\/ros.a-rt.ch\/?p=1450\">Senegal Landschaft I, 1999<\/a><div class=\"wp-block-latest-posts__post-excerpt\">Gr\u00f6sse: 32 x 25 cm Technik: \u00d6l auf Karton<\/div><\/li>\n<li><div class=\"wp-block-latest-posts__featured-image alignleft\"><img loading=\"lazy\" decoding=\"async\" width=\"150\" height=\"150\" src=\"https:\/\/ros.a-rt.ch\/wp-content\/uploads\/2013\/01\/Senegal-Attaya-1999-150x150.jpg\" class=\"attachment-thumbnail size-thumbnail wp-post-image\" alt=\"\" style=\"\" \/><\/div><a class=\"wp-block-latest-posts__post-title\" href=\"https:\/\/ros.a-rt.ch\/?p=1454\">Senegal Attaya, 1999<\/a><div class=\"wp-block-latest-posts__post-excerpt\">Gr\u00f6sse: 42 x 34 cm Technik: \u00d6l und Tusche auf Karton<\/div><\/li>\n<li><div class=\"wp-block-latest-posts__featured-image alignleft\"><img loading=\"lazy\" decoding=\"async\" width=\"150\" height=\"150\" src=\"https:\/\/ros.a-rt.ch\/wp-content\/uploads\/2013\/01\/Senegal-Kalabassen-1999-e1597774924872-150x150.jpg\" class=\"attachment-thumbnail size-thumbnail wp-post-image\" alt=\"\" style=\"\" srcset=\"https:\/\/ros.a-rt.ch\/wp-content\/uploads\/2013\/01\/Senegal-Kalabassen-1999-e1597774924872-150x150.jpg 150w, https:\/\/ros.a-rt.ch\/wp-content\/uploads\/2013\/01\/Senegal-Kalabassen-1999-e1597774924872-200x200.jpg 200w, https:\/\/ros.a-rt.ch\/wp-content\/uploads\/2013\/01\/Senegal-Kalabassen-1999-e1597774924872-100x100.jpg 100w, https:\/\/ros.a-rt.ch\/wp-content\/uploads\/2013\/01\/Senegal-Kalabassen-1999-e1597774924872-40x40.jpg 40w\" sizes=\"auto, (max-width: 150px) 100vw, 150px\" \/><\/div><a class=\"wp-block-latest-posts__post-title\" href=\"https:\/\/ros.a-rt.ch\/?p=1456\">Senegal Kalabassen, 1999<\/a><div class=\"wp-block-latest-posts__post-excerpt\">Gr\u00f6sse: 42 x 34 cm Technik: \u00d6lkreide und Tusche auf Karton<\/div><\/li>\n<li><div class=\"wp-block-latest-posts__featured-image alignleft\"><img loading=\"lazy\" decoding=\"async\" width=\"150\" height=\"150\" src=\"https:\/\/ros.a-rt.ch\/wp-content\/uploads\/2013\/01\/Senegal-Ndar-1999-150x150.jpg\" class=\"attachment-thumbnail size-thumbnail wp-post-image\" alt=\"\" style=\"\" \/><\/div><a class=\"wp-block-latest-posts__post-title\" href=\"https:\/\/ros.a-rt.ch\/?p=1459\">Senegal Ndar, 1999<\/a><div class=\"wp-block-latest-posts__post-excerpt\">Gr\u00f6sse. 42 x 34 cm Technik: \u00d6lkreide und Tusche auf Karton<\/div><\/li>\n<li><div class=\"wp-block-latest-posts__featured-image alignleft\"><img loading=\"lazy\" decoding=\"async\" width=\"150\" height=\"150\" src=\"https:\/\/ros.a-rt.ch\/wp-content\/uploads\/2013\/01\/Senegal-Trommeln-1999-e1597775166920-150x150.jpg\" class=\"attachment-thumbnail size-thumbnail wp-post-image\" alt=\"\" style=\"\" srcset=\"https:\/\/ros.a-rt.ch\/wp-content\/uploads\/2013\/01\/Senegal-Trommeln-1999-e1597775166920-150x150.jpg 150w, https:\/\/ros.a-rt.ch\/wp-content\/uploads\/2013\/01\/Senegal-Trommeln-1999-e1597775166920-200x200.jpg 200w, https:\/\/ros.a-rt.ch\/wp-content\/uploads\/2013\/01\/Senegal-Trommeln-1999-e1597775166920-100x100.jpg 100w, https:\/\/ros.a-rt.ch\/wp-content\/uploads\/2013\/01\/Senegal-Trommeln-1999-e1597775166920-40x40.jpg 40w\" sizes=\"auto, (max-width: 150px) 100vw, 150px\" \/><\/div><a class=\"wp-block-latest-posts__post-title\" href=\"https:\/\/ros.a-rt.ch\/?p=1461\">Senegal Trommeln, 1999<\/a><div class=\"wp-block-latest-posts__post-excerpt\">Gr\u00f6sse: 42 x 34 cm Technik: \u00d6lkreide und Tusche auf Karton<\/div><\/li>\n<li><div class=\"wp-block-latest-posts__featured-image alignleft\"><img loading=\"lazy\" decoding=\"async\" width=\"150\" height=\"150\" src=\"https:\/\/ros.a-rt.ch\/wp-content\/uploads\/2013\/01\/Senegal-Fremdsein-1999-150x150.jpg\" class=\"attachment-thumbnail size-thumbnail wp-post-image\" alt=\"\" style=\"\" \/><\/div><a class=\"wp-block-latest-posts__post-title\" href=\"https:\/\/ros.a-rt.ch\/?p=1439\">Senegal Fremdsein, 2000<\/a><div class=\"wp-block-latest-posts__post-excerpt\">Gr\u00f6sse: zweiteilig &nbsp;55 x 68 cm Technik: \u00d6l auf Stoff, aufgezogen auf Karton<\/div><\/li>\n<li><div class=\"wp-block-latest-posts__featured-image alignleft\"><img loading=\"lazy\" decoding=\"async\" width=\"150\" height=\"150\" src=\"https:\/\/ros.a-rt.ch\/wp-content\/uploads\/2013\/01\/Senegal-Gipsfigur-1999-150x150.jpg\" class=\"attachment-thumbnail size-thumbnail wp-post-image\" alt=\"\" style=\"\" \/><\/div><a class=\"wp-block-latest-posts__post-title\" href=\"https:\/\/ros.a-rt.ch\/?p=1466\">Afrikanische Frau, 2000<\/a><div class=\"wp-block-latest-posts__post-excerpt\">Gr\u00f6sse: ca. 28 cm Technik: Draht, Stoff, Gips<\/div><\/li>\n<li><div class=\"wp-block-latest-posts__featured-image alignleft\"><img loading=\"lazy\" decoding=\"async\" width=\"150\" height=\"150\" src=\"https:\/\/ros.a-rt.ch\/wp-content\/uploads\/2013\/01\/Indigo-Menschen-VI-2000-e1597773477218-150x150.jpg\" class=\"attachment-thumbnail size-thumbnail wp-post-image\" alt=\"\" style=\"\" srcset=\"https:\/\/ros.a-rt.ch\/wp-content\/uploads\/2013\/01\/Indigo-Menschen-VI-2000-e1597773477218-150x150.jpg 150w, https:\/\/ros.a-rt.ch\/wp-content\/uploads\/2013\/01\/Indigo-Menschen-VI-2000-e1597773477218-300x298.jpg 300w, https:\/\/ros.a-rt.ch\/wp-content\/uploads\/2013\/01\/Indigo-Menschen-VI-2000-e1597773477218-768x762.jpg 768w, https:\/\/ros.a-rt.ch\/wp-content\/uploads\/2013\/01\/Indigo-Menschen-VI-2000-e1597773477218-200x200.jpg 200w, https:\/\/ros.a-rt.ch\/wp-content\/uploads\/2013\/01\/Indigo-Menschen-VI-2000-e1597773477218-100x100.jpg 100w, https:\/\/ros.a-rt.ch\/wp-content\/uploads\/2013\/01\/Indigo-Menschen-VI-2000-e1597773477218-40x40.jpg 40w, https:\/\/ros.a-rt.ch\/wp-content\/uploads\/2013\/01\/Indigo-Menschen-VI-2000-e1597773477218.jpg 928w\" sizes=\"auto, (max-width: 150px) 100vw, 150px\" \/><\/div><a class=\"wp-block-latest-posts__post-title\" href=\"https:\/\/ros.a-rt.ch\/?p=1469\">N\u00e4chtliches, 2000<\/a><div class=\"wp-block-latest-posts__post-excerpt\">Gr\u00f6sse: ca. 32 x 32 cm Technik: \u00d6l und Tusche auf handgesch\u00f6pftes Recyclingpapier<\/div><\/li>\n<li><div class=\"wp-block-latest-posts__featured-image alignleft\"><img loading=\"lazy\" decoding=\"async\" width=\"150\" height=\"150\" src=\"https:\/\/ros.a-rt.ch\/wp-content\/uploads\/2013\/01\/Indigo-Menschen-II-2000-e1597773128516-150x150.jpg\" class=\"attachment-thumbnail size-thumbnail wp-post-image\" alt=\"\" style=\"\" srcset=\"https:\/\/ros.a-rt.ch\/wp-content\/uploads\/2013\/01\/Indigo-Menschen-II-2000-e1597773128516-150x150.jpg 150w, https:\/\/ros.a-rt.ch\/wp-content\/uploads\/2013\/01\/Indigo-Menschen-II-2000-e1597773128516-300x300.jpg 300w, https:\/\/ros.a-rt.ch\/wp-content\/uploads\/2013\/01\/Indigo-Menschen-II-2000-e1597773128516-768x771.jpg 768w, https:\/\/ros.a-rt.ch\/wp-content\/uploads\/2013\/01\/Indigo-Menschen-II-2000-e1597773128516-200x200.jpg 200w, https:\/\/ros.a-rt.ch\/wp-content\/uploads\/2013\/01\/Indigo-Menschen-II-2000-e1597773128516-100x100.jpg 100w, https:\/\/ros.a-rt.ch\/wp-content\/uploads\/2013\/01\/Indigo-Menschen-II-2000-e1597773128516-40x40.jpg 40w, https:\/\/ros.a-rt.ch\/wp-content\/uploads\/2013\/01\/Indigo-Menschen-II-2000-e1597773128516.jpg 921w\" sizes=\"auto, (max-width: 150px) 100vw, 150px\" \/><\/div><a class=\"wp-block-latest-posts__post-title\" href=\"https:\/\/ros.a-rt.ch\/?p=1471\">Staunen, 2000<\/a><div class=\"wp-block-latest-posts__post-excerpt\">Gr\u00f6sse: ca. 32 x 32 cm Technik: \u00d6l und Tusche auf handgesch\u00f6pftem Recyclingpapier<\/div><\/li>\n<li><div class=\"wp-block-latest-posts__featured-image alignleft\"><img loading=\"lazy\" decoding=\"async\" width=\"150\" height=\"150\" src=\"https:\/\/ros.a-rt.ch\/wp-content\/uploads\/2013\/01\/Indigo-Menschen-V-2000-e1597773434128-150x150.jpg\" class=\"attachment-thumbnail size-thumbnail wp-post-image\" alt=\"\" style=\"\" srcset=\"https:\/\/ros.a-rt.ch\/wp-content\/uploads\/2013\/01\/Indigo-Menschen-V-2000-e1597773434128-150x150.jpg 150w, https:\/\/ros.a-rt.ch\/wp-content\/uploads\/2013\/01\/Indigo-Menschen-V-2000-e1597773434128-200x200.jpg 200w, https:\/\/ros.a-rt.ch\/wp-content\/uploads\/2013\/01\/Indigo-Menschen-V-2000-e1597773434128-100x100.jpg 100w, https:\/\/ros.a-rt.ch\/wp-content\/uploads\/2013\/01\/Indigo-Menschen-V-2000-e1597773434128-40x40.jpg 40w\" sizes=\"auto, (max-width: 150px) 100vw, 150px\" \/><\/div><a class=\"wp-block-latest-posts__post-title\" href=\"https:\/\/ros.a-rt.ch\/?p=1473\">Ann\u00e4herung, 2000<\/a><div class=\"wp-block-latest-posts__post-excerpt\">Gr\u00f6sse: ca. 32 x 32 cm Technik: \u00d6l und Tusche auf handgesch\u00f6pftem Recyclingpapier<\/div><\/li>\n<li><div class=\"wp-block-latest-posts__featured-image alignleft\"><img loading=\"lazy\" decoding=\"async\" width=\"150\" height=\"150\" src=\"https:\/\/ros.a-rt.ch\/wp-content\/uploads\/2013\/01\/Indigo-Menschen-VIII-2000-e1597773523178-150x150.jpg\" class=\"attachment-thumbnail size-thumbnail wp-post-image\" alt=\"\" style=\"\" srcset=\"https:\/\/ros.a-rt.ch\/wp-content\/uploads\/2013\/01\/Indigo-Menschen-VIII-2000-e1597773523178-150x150.jpg 150w, https:\/\/ros.a-rt.ch\/wp-content\/uploads\/2013\/01\/Indigo-Menschen-VIII-2000-e1597773523178-300x300.jpg 300w, https:\/\/ros.a-rt.ch\/wp-content\/uploads\/2013\/01\/Indigo-Menschen-VIII-2000-e1597773523178-768x766.jpg 768w, https:\/\/ros.a-rt.ch\/wp-content\/uploads\/2013\/01\/Indigo-Menschen-VIII-2000-e1597773523178-200x200.jpg 200w, https:\/\/ros.a-rt.ch\/wp-content\/uploads\/2013\/01\/Indigo-Menschen-VIII-2000-e1597773523178-100x100.jpg 100w, https:\/\/ros.a-rt.ch\/wp-content\/uploads\/2013\/01\/Indigo-Menschen-VIII-2000-e1597773523178-40x40.jpg 40w, https:\/\/ros.a-rt.ch\/wp-content\/uploads\/2013\/01\/Indigo-Menschen-VIII-2000-e1597773523178.jpg 902w\" sizes=\"auto, (max-width: 150px) 100vw, 150px\" \/><\/div><a class=\"wp-block-latest-posts__post-title\" href=\"https:\/\/ros.a-rt.ch\/?p=1475\">Ahnungen, 2000<\/a><div class=\"wp-block-latest-posts__post-excerpt\">Gr\u00f6sse: ca. 32 x 32 cm Technik: \u00d6l und Tusche auf handgesch\u00f6pftes Recyclingpapier<\/div><\/li>\n<li><div class=\"wp-block-latest-posts__featured-image alignleft\"><img loading=\"lazy\" decoding=\"async\" width=\"150\" height=\"150\" src=\"https:\/\/ros.a-rt.ch\/wp-content\/uploads\/2013\/01\/Indigo-Menschen-VII-2000-150x150.jpg\" class=\"attachment-thumbnail size-thumbnail wp-post-image\" alt=\"\" style=\"\" \/><\/div><a class=\"wp-block-latest-posts__post-title\" href=\"https:\/\/ros.a-rt.ch\/?p=1477\">Der kleine Prinz, 2000<\/a><div class=\"wp-block-latest-posts__post-excerpt\">Gr\u00f6sse: ca. 32 x 32 cm Technik: \u00d6l und Tusche auf handgesch\u00f6pftem Recyclingpapier<\/div><\/li>\n<\/ul>","protected":false},"excerpt":{"rendered":"","protected":false},"author":4,"featured_media":0,"parent":0,"menu_order":0,"comment_status":"closed","ping_status":"closed","template":"","meta":{"footnotes":""},"class_list":["post-4536","page","type-page","status-publish","hentry"],"_links":{"self":[{"href":"https:\/\/ros.a-rt.ch\/index.php?rest_route=\/wp\/v2\/pages\/4536","targetHints":{"allow":["GET"]}}],"collection":[{"href":"https:\/\/ros.a-rt.ch\/index.php?rest_route=\/wp\/v2\/pages"}],"about":[{"href":"https:\/\/ros.a-rt.ch\/index.php?rest_route=\/wp\/v2\/types\/page"}],"author":[{"embeddable":true,"href":"https:\/\/ros.a-rt.ch\/index.php?rest_route=\/wp\/v2\/users\/4"}],"replies":[{"embeddable":true,"href":"https:\/\/ros.a-rt.ch\/index.php?rest_route=%2Fwp%2Fv2%2Fcomments&post=4536"}],"version-history":[{"count":4,"href":"https:\/\/ros.a-rt.ch\/index.php?rest_route=\/wp\/v2\/pages\/4536\/revisions"}],"predecessor-version":[{"id":5016,"href":"https:\/\/ros.a-rt.ch\/index.php?rest_route=\/wp\/v2\/pages\/4536\/revisions\/5016"}],"wp:attachment":[{"href":"https:\/\/ros.a-rt.ch\/index.php?rest_route=%2Fwp%2Fv2%2Fmedia&parent=4536"}],"curies":[{"name":"wp","href":"https:\/\/api.w.org\/{rel}","templated":true}]}}