{"id":4542,"date":"2020-07-19T12:56:10","date_gmt":"2020-07-19T11:56:10","guid":{"rendered":"https:\/\/ros.a-rt.ch\/?page_id=4542"},"modified":"2020-07-25T12:29:36","modified_gmt":"2020-07-25T13:29:36","slug":"werke-2001-2005","status":"publish","type":"page","link":"https:\/\/ros.a-rt.ch\/?page_id=4542","title":{"rendered":"Werke 2001 &#8211; 2005"},"content":{"rendered":"\n<p>   <\/p>\n\n\n<ul class=\"wp-block-latest-posts__list wp-block-latest-posts\"><li><div class=\"wp-block-latest-posts__featured-image alignleft\"><img loading=\"lazy\" decoding=\"async\" width=\"150\" height=\"150\" src=\"https:\/\/ros.a-rt.ch\/wp-content\/uploads\/2013\/01\/Unterwegs-Sammlung-2001-e1597775834911-150x150.jpg\" class=\"attachment-thumbnail size-thumbnail wp-post-image\" alt=\"\" style=\"\" srcset=\"https:\/\/ros.a-rt.ch\/wp-content\/uploads\/2013\/01\/Unterwegs-Sammlung-2001-e1597775834911-150x150.jpg 150w, https:\/\/ros.a-rt.ch\/wp-content\/uploads\/2013\/01\/Unterwegs-Sammlung-2001-e1597775834911-300x300.jpg 300w, https:\/\/ros.a-rt.ch\/wp-content\/uploads\/2013\/01\/Unterwegs-Sammlung-2001-e1597775834911-768x765.jpg 768w, https:\/\/ros.a-rt.ch\/wp-content\/uploads\/2013\/01\/Unterwegs-Sammlung-2001-e1597775834911-200x200.jpg 200w, https:\/\/ros.a-rt.ch\/wp-content\/uploads\/2013\/01\/Unterwegs-Sammlung-2001-e1597775834911-100x100.jpg 100w, https:\/\/ros.a-rt.ch\/wp-content\/uploads\/2013\/01\/Unterwegs-Sammlung-2001-e1597775834911-40x40.jpg 40w, https:\/\/ros.a-rt.ch\/wp-content\/uploads\/2013\/01\/Unterwegs-Sammlung-2001-e1597775834911.jpg 895w\" sizes=\"auto, (max-width: 150px) 100vw, 150px\" \/><\/div><a class=\"wp-block-latest-posts__post-title\" href=\"https:\/\/ros.a-rt.ch\/?p=1479\">Lebensb\u00fchne, 2001<\/a><div class=\"wp-block-latest-posts__post-excerpt\">Gr\u00f6sse: ca. 32 x 32 cm Technik: \u00d6l auf handgesch\u00f6pftes Recyclingpapier<\/div><\/li>\n<li><div class=\"wp-block-latest-posts__featured-image alignleft\"><img loading=\"lazy\" decoding=\"async\" width=\"150\" height=\"150\" src=\"https:\/\/ros.a-rt.ch\/wp-content\/uploads\/2013\/01\/Unterwegs-Regenbogen-2001-150x150.jpg\" class=\"attachment-thumbnail size-thumbnail wp-post-image\" alt=\"\" style=\"\" \/><\/div><a class=\"wp-block-latest-posts__post-title\" href=\"https:\/\/ros.a-rt.ch\/?p=1481\">Regenbogen, 2001<\/a><div class=\"wp-block-latest-posts__post-excerpt\">Gr\u00f6sse: 32 x 32 cm Technik: \u00d6l auf handgesch\u00f6pftes Recyclingpapier<\/div><\/li>\n<li><div class=\"wp-block-latest-posts__featured-image alignleft\"><img loading=\"lazy\" decoding=\"async\" width=\"150\" height=\"150\" src=\"https:\/\/ros.a-rt.ch\/wp-content\/uploads\/2013\/01\/Unterwegs-Stille-2001-150x150.jpg\" class=\"attachment-thumbnail size-thumbnail wp-post-image\" alt=\"\" style=\"\" srcset=\"https:\/\/ros.a-rt.ch\/wp-content\/uploads\/2013\/01\/Unterwegs-Stille-2001-150x150.jpg 150w, https:\/\/ros.a-rt.ch\/wp-content\/uploads\/2013\/01\/Unterwegs-Stille-2001-300x298.jpg 300w, https:\/\/ros.a-rt.ch\/wp-content\/uploads\/2013\/01\/Unterwegs-Stille-2001.jpg 960w\" sizes=\"auto, (max-width: 150px) 100vw, 150px\" \/><\/div><a class=\"wp-block-latest-posts__post-title\" href=\"https:\/\/ros.a-rt.ch\/?p=1483\">Stille, 2001<\/a><div class=\"wp-block-latest-posts__post-excerpt\">Gr\u00f6sse: ca. 32 x 32 cm Technik: \u00d6l auf handgesch\u00f6pftes Recyclingpapier<\/div><\/li>\n<li><div class=\"wp-block-latest-posts__featured-image alignleft\"><img loading=\"lazy\" decoding=\"async\" width=\"150\" height=\"150\" src=\"https:\/\/ros.a-rt.ch\/wp-content\/uploads\/2013\/01\/Unterwegs-Morgenlicht-2001-e1597775802785-150x150.jpg\" class=\"attachment-thumbnail size-thumbnail wp-post-image\" alt=\"\" style=\"\" srcset=\"https:\/\/ros.a-rt.ch\/wp-content\/uploads\/2013\/01\/Unterwegs-Morgenlicht-2001-e1597775802785-150x150.jpg 150w, https:\/\/ros.a-rt.ch\/wp-content\/uploads\/2013\/01\/Unterwegs-Morgenlicht-2001-e1597775802785-300x300.jpg 300w, https:\/\/ros.a-rt.ch\/wp-content\/uploads\/2013\/01\/Unterwegs-Morgenlicht-2001-e1597775802785-768x768.jpg 768w, https:\/\/ros.a-rt.ch\/wp-content\/uploads\/2013\/01\/Unterwegs-Morgenlicht-2001-e1597775802785-200x200.jpg 200w, https:\/\/ros.a-rt.ch\/wp-content\/uploads\/2013\/01\/Unterwegs-Morgenlicht-2001-e1597775802785-100x100.jpg 100w, https:\/\/ros.a-rt.ch\/wp-content\/uploads\/2013\/01\/Unterwegs-Morgenlicht-2001-e1597775802785-40x40.jpg 40w, https:\/\/ros.a-rt.ch\/wp-content\/uploads\/2013\/01\/Unterwegs-Morgenlicht-2001-e1597775802785.jpg 919w\" sizes=\"auto, (max-width: 150px) 100vw, 150px\" \/><\/div><a class=\"wp-block-latest-posts__post-title\" href=\"https:\/\/ros.a-rt.ch\/?p=1485\">Morgenlicht, 2001<\/a><div class=\"wp-block-latest-posts__post-excerpt\">Gr\u00f6sse: ca. 32 x 32 cm Technik: \u00d6l auf handgesch\u00f6pftes Recyclingpapier<\/div><\/li>\n<li><div class=\"wp-block-latest-posts__featured-image alignleft\"><img loading=\"lazy\" decoding=\"async\" width=\"150\" height=\"150\" src=\"https:\/\/ros.a-rt.ch\/wp-content\/uploads\/2013\/01\/Unterwegs-Feuer-2001-150x150.jpg\" class=\"attachment-thumbnail size-thumbnail wp-post-image\" alt=\"\" style=\"\" \/><\/div><a class=\"wp-block-latest-posts__post-title\" href=\"https:\/\/ros.a-rt.ch\/?p=1487\">Erwartung, 2001<\/a><div class=\"wp-block-latest-posts__post-excerpt\">Gr\u00f6sse: ca. 32 x 32 cm Technik: \u00d6l auf handgesch\u00f6pftes Recyclingpapier<\/div><\/li>\n<li><div class=\"wp-block-latest-posts__featured-image alignleft\"><img loading=\"lazy\" decoding=\"async\" width=\"150\" height=\"150\" src=\"https:\/\/ros.a-rt.ch\/wp-content\/uploads\/2013\/01\/Unterwegs-Einschnitt-2001-150x150.jpg\" class=\"attachment-thumbnail size-thumbnail wp-post-image\" alt=\"\" style=\"\" \/><\/div><a class=\"wp-block-latest-posts__post-title\" href=\"https:\/\/ros.a-rt.ch\/?p=1492\">Hoffnungsvoll, 2001<\/a><div class=\"wp-block-latest-posts__post-excerpt\">Gr\u00f6sse: ca. 32 x 32 cm Technik: \u00d6l auf handgesch\u00f6pftes Recyclingpapier<\/div><\/li>\n<li><div class=\"wp-block-latest-posts__featured-image alignleft\"><img loading=\"lazy\" decoding=\"async\" width=\"150\" height=\"150\" src=\"https:\/\/ros.a-rt.ch\/wp-content\/uploads\/2013\/01\/Unterwegs-Du-2001-e1597775752982-150x150.jpg\" class=\"attachment-thumbnail size-thumbnail wp-post-image\" alt=\"\" style=\"\" srcset=\"https:\/\/ros.a-rt.ch\/wp-content\/uploads\/2013\/01\/Unterwegs-Du-2001-e1597775752982-150x150.jpg 150w, https:\/\/ros.a-rt.ch\/wp-content\/uploads\/2013\/01\/Unterwegs-Du-2001-e1597775752982-200x200.jpg 200w, https:\/\/ros.a-rt.ch\/wp-content\/uploads\/2013\/01\/Unterwegs-Du-2001-e1597775752982-100x100.jpg 100w, https:\/\/ros.a-rt.ch\/wp-content\/uploads\/2013\/01\/Unterwegs-Du-2001-e1597775752982-40x40.jpg 40w\" sizes=\"auto, (max-width: 150px) 100vw, 150px\" \/><\/div><a class=\"wp-block-latest-posts__post-title\" href=\"https:\/\/ros.a-rt.ch\/?p=1494\">Du, 2001<\/a><div class=\"wp-block-latest-posts__post-excerpt\">Gr\u00f6sse: ca. 32 x 32 cm Technik: \u00d6l auf handgesch\u00f6pftem Recyclingpapier<\/div><\/li>\n<li><div class=\"wp-block-latest-posts__featured-image alignleft\"><img loading=\"lazy\" decoding=\"async\" width=\"150\" height=\"150\" src=\"https:\/\/ros.a-rt.ch\/wp-content\/uploads\/2013\/01\/Unterwegs-Augenblick-2001-150x150.jpg\" class=\"attachment-thumbnail size-thumbnail wp-post-image\" alt=\"\" style=\"\" \/><\/div><a class=\"wp-block-latest-posts__post-title\" href=\"https:\/\/ros.a-rt.ch\/?p=1496\">Inneres Auge, 2001<\/a><div class=\"wp-block-latest-posts__post-excerpt\">Gr\u00f6sse: ca. 32 x 32 cm Technik: \u00d6l auf handgesch\u00f6pftes Recyclingpapier<\/div><\/li>\n<li><div class=\"wp-block-latest-posts__featured-image alignleft\"><img loading=\"lazy\" decoding=\"async\" width=\"150\" height=\"150\" src=\"https:\/\/ros.a-rt.ch\/wp-content\/uploads\/2013\/01\/Randsteinig-II-2002-150x150.jpg\" class=\"attachment-thumbnail size-thumbnail wp-post-image\" alt=\"\" style=\"\" \/><\/div><a class=\"wp-block-latest-posts__post-title\" href=\"https:\/\/ros.a-rt.ch\/?p=1254\">Randsteinig II, 2002<\/a><div class=\"wp-block-latest-posts__post-excerpt\">Gr\u00f6sse: 47 x 11 x 11 cm Technik: Handgesch\u00f6pftes Flachspapier auf Steinsockel<\/div><\/li>\n<li><div class=\"wp-block-latest-posts__featured-image alignleft\"><img loading=\"lazy\" decoding=\"async\" width=\"150\" height=\"150\" src=\"https:\/\/ros.a-rt.ch\/wp-content\/uploads\/2013\/01\/LebenLieben-2002-150x150.jpg\" class=\"attachment-thumbnail size-thumbnail wp-post-image\" alt=\"\" style=\"\" \/><\/div><a class=\"wp-block-latest-posts__post-title\" href=\"https:\/\/ros.a-rt.ch\/?p=1331\">LebenLieben, 2002<\/a><div class=\"wp-block-latest-posts__post-excerpt\">Gr\u00f6sse: 138 x 170 cm Technik: \u00d6l, \u00d6lkreide auf Papier und Stoff auf Pavatexplatte<\/div><\/li>\n<li><div class=\"wp-block-latest-posts__featured-image alignleft\"><img loading=\"lazy\" decoding=\"async\" width=\"150\" height=\"150\" src=\"https:\/\/ros.a-rt.ch\/wp-content\/uploads\/2013\/01\/Raetselhaft-2003-150x150.jpg\" class=\"attachment-thumbnail size-thumbnail wp-post-image\" alt=\"\" style=\"\" \/><\/div><a class=\"wp-block-latest-posts__post-title\" href=\"https:\/\/ros.a-rt.ch\/?p=1247\">R\u00e4tselhaft, 2003<\/a><div class=\"wp-block-latest-posts__post-excerpt\">Gr\u00f6sse: 75,5 x 52 cm Technik: \u00d6l auf Stoff auf Holzplatte<\/div><\/li>\n<li><div class=\"wp-block-latest-posts__featured-image alignleft\"><img loading=\"lazy\" decoding=\"async\" width=\"150\" height=\"150\" src=\"https:\/\/ros.a-rt.ch\/wp-content\/uploads\/2013\/01\/Blumen-Mohn-2003-e1597771980808-150x150.jpg\" class=\"attachment-thumbnail size-thumbnail wp-post-image\" alt=\"\" style=\"\" srcset=\"https:\/\/ros.a-rt.ch\/wp-content\/uploads\/2013\/01\/Blumen-Mohn-2003-e1597771980808-150x150.jpg 150w, https:\/\/ros.a-rt.ch\/wp-content\/uploads\/2013\/01\/Blumen-Mohn-2003-e1597771980808-200x200.jpg 200w, https:\/\/ros.a-rt.ch\/wp-content\/uploads\/2013\/01\/Blumen-Mohn-2003-e1597771980808-100x100.jpg 100w, https:\/\/ros.a-rt.ch\/wp-content\/uploads\/2013\/01\/Blumen-Mohn-2003-e1597771980808-40x40.jpg 40w\" sizes=\"auto, (max-width: 150px) 100vw, 150px\" \/><\/div><a class=\"wp-block-latest-posts__post-title\" href=\"https:\/\/ros.a-rt.ch\/?p=1504\">Lebensglut (Mohn), 2003<\/a><div class=\"wp-block-latest-posts__post-excerpt\">Gr\u00f6sse: 60 x 60 cm Technik: Eitempera und \u00d6lkreide auf Leinwand<\/div><\/li>\n<li><div class=\"wp-block-latest-posts__featured-image alignleft\"><img loading=\"lazy\" decoding=\"async\" width=\"150\" height=\"150\" src=\"https:\/\/ros.a-rt.ch\/wp-content\/uploads\/2013\/01\/Blumen-Rittersporn-2003-e1597772035577-150x150.jpg\" class=\"attachment-thumbnail size-thumbnail wp-post-image\" alt=\"\" style=\"\" srcset=\"https:\/\/ros.a-rt.ch\/wp-content\/uploads\/2013\/01\/Blumen-Rittersporn-2003-e1597772035577-150x150.jpg 150w, https:\/\/ros.a-rt.ch\/wp-content\/uploads\/2013\/01\/Blumen-Rittersporn-2003-e1597772035577-200x200.jpg 200w, https:\/\/ros.a-rt.ch\/wp-content\/uploads\/2013\/01\/Blumen-Rittersporn-2003-e1597772035577-100x100.jpg 100w, https:\/\/ros.a-rt.ch\/wp-content\/uploads\/2013\/01\/Blumen-Rittersporn-2003-e1597772035577-40x40.jpg 40w\" sizes=\"auto, (max-width: 150px) 100vw, 150px\" \/><\/div><a class=\"wp-block-latest-posts__post-title\" href=\"https:\/\/ros.a-rt.ch\/?p=1506\">Geheimnistor (Rittersporn), 2003<\/a><div class=\"wp-block-latest-posts__post-excerpt\">Gr\u00f6sse: 60 x 60 cm Technik: Eitempera und \u00d6lkreide auf Leinwand<\/div><\/li>\n<li><div class=\"wp-block-latest-posts__featured-image alignleft\"><img loading=\"lazy\" decoding=\"async\" width=\"150\" height=\"150\" src=\"https:\/\/ros.a-rt.ch\/wp-content\/uploads\/2013\/01\/Blumen-Echinacea-2003-e1597772284257-150x150.jpg\" class=\"attachment-thumbnail size-thumbnail wp-post-image\" alt=\"\" style=\"\" srcset=\"https:\/\/ros.a-rt.ch\/wp-content\/uploads\/2013\/01\/Blumen-Echinacea-2003-e1597772284257-150x150.jpg 150w, https:\/\/ros.a-rt.ch\/wp-content\/uploads\/2013\/01\/Blumen-Echinacea-2003-e1597772284257-200x200.jpg 200w, https:\/\/ros.a-rt.ch\/wp-content\/uploads\/2013\/01\/Blumen-Echinacea-2003-e1597772284257-100x100.jpg 100w, https:\/\/ros.a-rt.ch\/wp-content\/uploads\/2013\/01\/Blumen-Echinacea-2003-e1597772284257-40x40.jpg 40w\" sizes=\"auto, (max-width: 150px) 100vw, 150px\" \/><\/div><a class=\"wp-block-latest-posts__post-title\" href=\"https:\/\/ros.a-rt.ch\/?p=1508\">Farbentanz (Echinacea), 2003<\/a><div class=\"wp-block-latest-posts__post-excerpt\">Gr\u00f6sse: 60 x 60 cm Technik: Eitempera und \u00d6lkreide auf Leinwand<\/div><\/li>\n<li><div class=\"wp-block-latest-posts__featured-image alignleft\"><img loading=\"lazy\" decoding=\"async\" width=\"150\" height=\"150\" src=\"https:\/\/ros.a-rt.ch\/wp-content\/uploads\/2013\/01\/Blumen-Schneegloeckchen-2004-e1597772095172-150x150.jpg\" class=\"attachment-thumbnail size-thumbnail wp-post-image\" alt=\"\" style=\"\" srcset=\"https:\/\/ros.a-rt.ch\/wp-content\/uploads\/2013\/01\/Blumen-Schneegloeckchen-2004-e1597772095172-150x150.jpg 150w, https:\/\/ros.a-rt.ch\/wp-content\/uploads\/2013\/01\/Blumen-Schneegloeckchen-2004-e1597772095172-200x200.jpg 200w, https:\/\/ros.a-rt.ch\/wp-content\/uploads\/2013\/01\/Blumen-Schneegloeckchen-2004-e1597772095172-100x100.jpg 100w, https:\/\/ros.a-rt.ch\/wp-content\/uploads\/2013\/01\/Blumen-Schneegloeckchen-2004-e1597772095172-40x40.jpg 40w\" sizes=\"auto, (max-width: 150px) 100vw, 150px\" \/><\/div><a class=\"wp-block-latest-posts__post-title\" href=\"https:\/\/ros.a-rt.ch\/?p=1502\">Fr\u00fchlingsl\u00e4uten (M\u00e4rzenbecher), 2004<\/a><div class=\"wp-block-latest-posts__post-excerpt\">Gr\u00f6sse: 60 x 60 cm Technik: Eitempera und \u00d6lkreide auf Leinwand<\/div><\/li>\n<li><div class=\"wp-block-latest-posts__featured-image alignleft\"><img loading=\"lazy\" decoding=\"async\" width=\"150\" height=\"150\" src=\"https:\/\/ros.a-rt.ch\/wp-content\/uploads\/2013\/01\/Blumen-Rohrkolben-e1597772062143-150x150.jpg\" class=\"attachment-thumbnail size-thumbnail wp-post-image\" alt=\"\" style=\"\" srcset=\"https:\/\/ros.a-rt.ch\/wp-content\/uploads\/2013\/01\/Blumen-Rohrkolben-e1597772062143-150x150.jpg 150w, https:\/\/ros.a-rt.ch\/wp-content\/uploads\/2013\/01\/Blumen-Rohrkolben-e1597772062143-200x200.jpg 200w, https:\/\/ros.a-rt.ch\/wp-content\/uploads\/2013\/01\/Blumen-Rohrkolben-e1597772062143-100x100.jpg 100w, https:\/\/ros.a-rt.ch\/wp-content\/uploads\/2013\/01\/Blumen-Rohrkolben-e1597772062143-40x40.jpg 40w\" sizes=\"auto, (max-width: 150px) 100vw, 150px\" \/><\/div><a class=\"wp-block-latest-posts__post-title\" href=\"https:\/\/ros.a-rt.ch\/?p=1510\">Teichwache (Rohrkolben), 2004<\/a><div class=\"wp-block-latest-posts__post-excerpt\">Gr\u00f6sse: 60 x 60 cm Technik: Eitempera und \u00d6lkreide auf Leinwand<\/div><\/li>\n<li><div class=\"wp-block-latest-posts__featured-image alignleft\"><img loading=\"lazy\" decoding=\"async\" width=\"150\" height=\"150\" src=\"https:\/\/ros.a-rt.ch\/wp-content\/uploads\/2013\/01\/Papierdrahtf-Liegende-2004-150x150.jpg\" class=\"attachment-thumbnail size-thumbnail wp-post-image\" alt=\"\" style=\"\" \/><\/div><a class=\"wp-block-latest-posts__post-title\" href=\"https:\/\/ros.a-rt.ch\/?p=1283\">Liegende, 2004<\/a><div class=\"wp-block-latest-posts__post-excerpt\">Gr\u00f6sse: ca. 25 cm Technik: Flachspapier &#8211; Drahtfigur<\/div><\/li>\n<li><div class=\"wp-block-latest-posts__featured-image alignleft\"><img loading=\"lazy\" decoding=\"async\" width=\"150\" height=\"150\" src=\"https:\/\/ros.a-rt.ch\/wp-content\/uploads\/2013\/01\/Wege-I-2005-e1597776027212-150x150.jpg\" class=\"attachment-thumbnail size-thumbnail wp-post-image\" alt=\"\" style=\"\" srcset=\"https:\/\/ros.a-rt.ch\/wp-content\/uploads\/2013\/01\/Wege-I-2005-e1597776027212-150x150.jpg 150w, https:\/\/ros.a-rt.ch\/wp-content\/uploads\/2013\/01\/Wege-I-2005-e1597776027212-200x200.jpg 200w, https:\/\/ros.a-rt.ch\/wp-content\/uploads\/2013\/01\/Wege-I-2005-e1597776027212-100x100.jpg 100w, https:\/\/ros.a-rt.ch\/wp-content\/uploads\/2013\/01\/Wege-I-2005-e1597776027212-40x40.jpg 40w\" sizes=\"auto, (max-width: 150px) 100vw, 150px\" \/><\/div><a class=\"wp-block-latest-posts__post-title\" href=\"https:\/\/ros.a-rt.ch\/?p=1299\">Wege I, 2005<\/a><div class=\"wp-block-latest-posts__post-excerpt\">Gr\u00f6sse: 30 x 30 cm Technik: Eitempera und Graphit auf Karton, Eisenrahmen<\/div><\/li>\n<li><div class=\"wp-block-latest-posts__featured-image alignleft\"><img loading=\"lazy\" decoding=\"async\" width=\"150\" height=\"150\" src=\"https:\/\/ros.a-rt.ch\/wp-content\/uploads\/2013\/01\/Wege-II-2005-e1597776055968-150x150.jpg\" class=\"attachment-thumbnail size-thumbnail wp-post-image\" alt=\"\" style=\"\" srcset=\"https:\/\/ros.a-rt.ch\/wp-content\/uploads\/2013\/01\/Wege-II-2005-e1597776055968-150x150.jpg 150w, https:\/\/ros.a-rt.ch\/wp-content\/uploads\/2013\/01\/Wege-II-2005-e1597776055968-200x200.jpg 200w, https:\/\/ros.a-rt.ch\/wp-content\/uploads\/2013\/01\/Wege-II-2005-e1597776055968-100x100.jpg 100w, https:\/\/ros.a-rt.ch\/wp-content\/uploads\/2013\/01\/Wege-II-2005-e1597776055968-40x40.jpg 40w\" sizes=\"auto, (max-width: 150px) 100vw, 150px\" \/><\/div><a class=\"wp-block-latest-posts__post-title\" href=\"https:\/\/ros.a-rt.ch\/?p=1296\">Wege II, 2005<\/a><div class=\"wp-block-latest-posts__post-excerpt\">Gr\u00f6sse: 30 x 30 cm Technik: Eitempera und Graphit auf Karton, Eisenrahmen<\/div><\/li>\n<li><div class=\"wp-block-latest-posts__featured-image alignleft\"><img loading=\"lazy\" decoding=\"async\" width=\"150\" height=\"150\" src=\"https:\/\/ros.a-rt.ch\/wp-content\/uploads\/2013\/01\/Wege-III-2005--e1597776082234-150x150.jpg\" class=\"attachment-thumbnail size-thumbnail wp-post-image\" alt=\"\" style=\"\" srcset=\"https:\/\/ros.a-rt.ch\/wp-content\/uploads\/2013\/01\/Wege-III-2005--e1597776082234-150x150.jpg 150w, https:\/\/ros.a-rt.ch\/wp-content\/uploads\/2013\/01\/Wege-III-2005--e1597776082234-200x200.jpg 200w, https:\/\/ros.a-rt.ch\/wp-content\/uploads\/2013\/01\/Wege-III-2005--e1597776082234-100x100.jpg 100w, https:\/\/ros.a-rt.ch\/wp-content\/uploads\/2013\/01\/Wege-III-2005--e1597776082234-40x40.jpg 40w\" sizes=\"auto, (max-width: 150px) 100vw, 150px\" \/><\/div><a class=\"wp-block-latest-posts__post-title\" href=\"https:\/\/ros.a-rt.ch\/?p=1294\">Wege III, 2005<\/a><div class=\"wp-block-latest-posts__post-excerpt\">Gr\u00f6sse: 30 x 30 cm Technik: Eitempera und Graphit auf Karton, Eisenrahmen<\/div><\/li>\n<\/ul>","protected":false},"excerpt":{"rendered":"","protected":false},"author":4,"featured_media":0,"parent":0,"menu_order":0,"comment_status":"closed","ping_status":"closed","template":"","meta":{"footnotes":""},"class_list":["post-4542","page","type-page","status-publish","hentry"],"_links":{"self":[{"href":"https:\/\/ros.a-rt.ch\/index.php?rest_route=\/wp\/v2\/pages\/4542","targetHints":{"allow":["GET"]}}],"collection":[{"href":"https:\/\/ros.a-rt.ch\/index.php?rest_route=\/wp\/v2\/pages"}],"about":[{"href":"https:\/\/ros.a-rt.ch\/index.php?rest_route=\/wp\/v2\/types\/page"}],"author":[{"embeddable":true,"href":"https:\/\/ros.a-rt.ch\/index.php?rest_route=\/wp\/v2\/users\/4"}],"replies":[{"embeddable":true,"href":"https:\/\/ros.a-rt.ch\/index.php?rest_route=%2Fwp%2Fv2%2Fcomments&post=4542"}],"version-history":[{"count":4,"href":"https:\/\/ros.a-rt.ch\/index.php?rest_route=\/wp\/v2\/pages\/4542\/revisions"}],"predecessor-version":[{"id":5368,"href":"https:\/\/ros.a-rt.ch\/index.php?rest_route=\/wp\/v2\/pages\/4542\/revisions\/5368"}],"wp:attachment":[{"href":"https:\/\/ros.a-rt.ch\/index.php?rest_route=%2Fwp%2Fv2%2Fmedia&parent=4542"}],"curies":[{"name":"wp","href":"https:\/\/api.w.org\/{rel}","templated":true}]}}