{"id":4557,"date":"2020-07-19T13:08:21","date_gmt":"2020-07-19T12:08:21","guid":{"rendered":"https:\/\/ros.a-rt.ch\/?page_id=4557"},"modified":"2020-08-15T12:56:21","modified_gmt":"2020-08-15T10:56:21","slug":"ausstellungen-2000-2005","status":"publish","type":"page","link":"https:\/\/ros.a-rt.ch\/?page_id=4557","title":{"rendered":"Ausstellungen 2000 &#8211; 2005"},"content":{"rendered":"\n<p>   <\/p>\n\n\n<ul class=\"wp-block-latest-posts__list has-dates wp-block-latest-posts\"><li><a class=\"wp-block-latest-posts__post-title\" href=\"https:\/\/ros.a-rt.ch\/?p=845\">&#8222;Bilder einer Reise&#8220;, 2000<\/a><time datetime=\"2013-01-13T12:30:01+01:00\" class=\"wp-block-latest-posts__post-date\">13. Januar 2013<\/time><div class=\"wp-block-latest-posts__post-excerpt\">In den Bildern einer Reise durch den Senegal schwingen die Erfahrungen mit aus einer mehrw\u00f6chigen Reise und einem Jahresaufenthalt in <a class=\"more-link\" href=\"https:\/\/ros.a-rt.ch\/?p=845\">Weiterlesen&#8230;<\/a><\/div><\/li>\n<li><a class=\"wp-block-latest-posts__post-title\" href=\"https:\/\/ros.a-rt.ch\/?p=832\">\u201cFarbkl\u00e4nge unterwegs\u201d, 2001<\/a><time datetime=\"2013-01-13T12:35:25+01:00\" class=\"wp-block-latest-posts__post-date\">13. Januar 2013<\/time><div class=\"wp-block-latest-posts__post-excerpt\">Eigenes Unterwegssein durch unterschiedliche Zeiten und Phasen eigenen Lebens sind das Thema dieser Ausstellung. Die Farbr\u00e4ume in den Bildern auf <a class=\"more-link\" href=\"https:\/\/ros.a-rt.ch\/?p=832\">Weiterlesen&#8230;<\/a><\/div><\/li>\n<li><a class=\"wp-block-latest-posts__post-title\" href=\"https:\/\/ros.a-rt.ch\/?p=820\">\u201cMenschenwelten\u201d, 2004<\/a><time datetime=\"2013-01-13T12:40:02+01:00\" class=\"wp-block-latest-posts__post-date\">13. Januar 2013<\/time><div class=\"wp-block-latest-posts__post-excerpt\">Der Ort, an dem sich Menschen in unterschiedlichsten Lebenslagen bei der Arbeit in der Werkstatt begegnen, fragen nach der Auseinandersetzung <a class=\"more-link\" href=\"https:\/\/ros.a-rt.ch\/?p=820\">Weiterlesen&#8230;<\/a><\/div><\/li>\n<li><a class=\"wp-block-latest-posts__post-title\" href=\"https:\/\/ros.a-rt.ch\/?p=812\">&#8222;Paper Road&#8220;, 2004<\/a><time datetime=\"2013-01-13T12:45:50+01:00\" class=\"wp-block-latest-posts__post-date\">13. Januar 2013<\/time><div class=\"wp-block-latest-posts__post-excerpt\">S\u00fcdkorea ist eines der asiatischen L\u00e4nder mit einer sehr alten Geschichte der Papierherstellung &#8211; \u00e4hnlich wie China und Japan. Im <a class=\"more-link\" href=\"https:\/\/ros.a-rt.ch\/?p=812\">Weiterlesen&#8230;<\/a><\/div><\/li>\n<\/ul>","protected":false},"excerpt":{"rendered":"","protected":false},"author":4,"featured_media":0,"parent":102,"menu_order":0,"comment_status":"closed","ping_status":"closed","template":"","meta":{"footnotes":""},"class_list":["post-4557","page","type-page","status-publish","hentry"],"_links":{"self":[{"href":"https:\/\/ros.a-rt.ch\/index.php?rest_route=\/wp\/v2\/pages\/4557","targetHints":{"allow":["GET"]}}],"collection":[{"href":"https:\/\/ros.a-rt.ch\/index.php?rest_route=\/wp\/v2\/pages"}],"about":[{"href":"https:\/\/ros.a-rt.ch\/index.php?rest_route=\/wp\/v2\/types\/page"}],"author":[{"embeddable":true,"href":"https:\/\/ros.a-rt.ch\/index.php?rest_route=\/wp\/v2\/users\/4"}],"replies":[{"embeddable":true,"href":"https:\/\/ros.a-rt.ch\/index.php?rest_route=%2Fwp%2Fv2%2Fcomments&post=4557"}],"version-history":[{"count":3,"href":"https:\/\/ros.a-rt.ch\/index.php?rest_route=\/wp\/v2\/pages\/4557\/revisions"}],"predecessor-version":[{"id":5257,"href":"https:\/\/ros.a-rt.ch\/index.php?rest_route=\/wp\/v2\/pages\/4557\/revisions\/5257"}],"up":[{"embeddable":true,"href":"https:\/\/ros.a-rt.ch\/index.php?rest_route=\/wp\/v2\/pages\/102"}],"wp:attachment":[{"href":"https:\/\/ros.a-rt.ch\/index.php?rest_route=%2Fwp%2Fv2%2Fmedia&parent=4557"}],"curies":[{"name":"wp","href":"https:\/\/api.w.org\/{rel}","templated":true}]}}