{"id":4568,"date":"2020-07-19T13:23:47","date_gmt":"2020-07-19T12:23:47","guid":{"rendered":"https:\/\/ros.a-rt.ch\/?page_id=4568"},"modified":"2020-08-15T12:58:38","modified_gmt":"2020-08-15T10:58:38","slug":"ausstellungen-2011-2015","status":"publish","type":"page","link":"https:\/\/ros.a-rt.ch\/?page_id=4568","title":{"rendered":"Ausstellungen 2011 &#8211; 2015"},"content":{"rendered":"\n<p>   <\/p>\n\n\n<ul class=\"wp-block-latest-posts__list wp-block-latest-posts\"><li><a class=\"wp-block-latest-posts__post-title\" href=\"https:\/\/ros.a-rt.ch\/?p=775\">In den Raum geschaut, 2011<\/a><div class=\"wp-block-latest-posts__post-excerpt\">Jeder Ort, jeder Raum hat seine Besonderheiten und tritt in Wechselwirkung mit Menschen und &#8211; im Falle einer Kunstausstellung &#8211; <a class=\"more-link\" href=\"https:\/\/ros.a-rt.ch\/?p=775\">Weiterlesen&#8230;<\/a><\/div><\/li>\n<li><a class=\"wp-block-latest-posts__post-title\" href=\"https:\/\/ros.a-rt.ch\/?p=723\">Zeit-R\u00e4ume, 2011<\/a><div class=\"wp-block-latest-posts__post-excerpt\">Die Arbeit an Serien in unterschiedlichen Zusammenh\u00e4ngen mit Zeitaspekten, dazu Papier- und Drahtfiguren sind in der Art-Galerie von Albert Zellweger <a class=\"more-link\" href=\"https:\/\/ros.a-rt.ch\/?p=723\">Weiterlesen&#8230;<\/a><\/div><\/li>\n<li><a class=\"wp-block-latest-posts__post-title\" href=\"https:\/\/ros.a-rt.ch\/?p=2302\">Montreux Art Gallery, 2013<\/a><div class=\"wp-block-latest-posts__post-excerpt\">Die Gr\u00f6sse des 9 \u00e8me Salon d&#8217;Art contemporain, 6. &#8211; 10. November 2013, in Montreux ist f\u00fcr bisherige Erfahrungen ungewohnt. <a class=\"more-link\" href=\"https:\/\/ros.a-rt.ch\/?p=2302\">Weiterlesen&#8230;<\/a><\/div><\/li>\n<li><a class=\"wp-block-latest-posts__post-title\" href=\"https:\/\/ros.a-rt.ch\/?p=2502\">5\u00fcnfstern offene K\u00fcnsterateliers 2014<\/a><div class=\"wp-block-latest-posts__post-excerpt\">300 K\u00fcnstlerinnen und K\u00fcnstlern\u00a0der Stadt St. Gallen sowie der Kantone Appenzell Innerrhoden, Ausserrhoden, St. Gallen und Thurgau \u00f6ffnen ihre T\u00fcren <a class=\"more-link\" href=\"https:\/\/ros.a-rt.ch\/?p=2502\">Weiterlesen&#8230;<\/a><\/div><\/li>\n<li><a class=\"wp-block-latest-posts__post-title\" href=\"https:\/\/ros.a-rt.ch\/?p=2614\">Bilder in Appenzell, 2014<\/a><div class=\"wp-block-latest-posts__post-excerpt\">Vom 13. Mai \u00a0bis 17. Juni\u00a0sind einige meiner Bilder im Caf\u00e9 &#8211; Hotel Appenzell ausgestellt:\u00a0Gem\u00fctliche und gediegene Atmosph\u00e4re,\u00a0Speis und Trank\u00a0und <a class=\"more-link\" href=\"https:\/\/ros.a-rt.ch\/?p=2614\">Weiterlesen&#8230;<\/a><\/div><\/li>\n<li><a class=\"wp-block-latest-posts__post-title\" href=\"https:\/\/ros.a-rt.ch\/?p=2770\">Geheimnis Sch\u00f6nheit, 2014<\/a><div class=\"wp-block-latest-posts__post-excerpt\">Albert Zellweger l\u00e4dt zur Abschiedsausstellung in seiner Galerie in Wattwil ein. Zu sehen sind Werke von Rosmarie Reich mit Fotografien, <a class=\"more-link\" href=\"https:\/\/ros.a-rt.ch\/?p=2770\">Weiterlesen&#8230;<\/a><\/div><\/li>\n<li><a class=\"wp-block-latest-posts__post-title\" href=\"https:\/\/ros.a-rt.ch\/?p=3037\">ZEIT amORT, 2015<\/a><div class=\"wp-block-latest-posts__post-excerpt\">Sich ganz einlassen auf ein Haus und seine unmittelbare Umgebung. Eingebettet in die Landschaft des obersten Toggenburgs mit Blick auf <a class=\"more-link\" href=\"https:\/\/ros.a-rt.ch\/?p=3037\">Weiterlesen&#8230;<\/a><\/div><\/li>\n<li><a class=\"wp-block-latest-posts__post-title\" href=\"https:\/\/ros.a-rt.ch\/?p=3142\">Mech.Werk. Ebnat-Kappel, 2015<\/a><div class=\"wp-block-latest-posts__post-excerpt\">Mech. Werk. ist die Abk\u00fcrzung f\u00fcr Mechanische Werkstatt.\u00a0Das Haus mit Werkstatt und Velohandel wurde 1907 erbaut.\u00a0Seit einiger Zeit ist dieser <a class=\"more-link\" href=\"https:\/\/ros.a-rt.ch\/?p=3142\">Weiterlesen&#8230;<\/a><\/div><\/li>\n<\/ul>","protected":false},"excerpt":{"rendered":"","protected":false},"author":4,"featured_media":0,"parent":102,"menu_order":0,"comment_status":"closed","ping_status":"closed","template":"","meta":{"footnotes":""},"class_list":["post-4568","page","type-page","status-publish","hentry"],"_links":{"self":[{"href":"https:\/\/ros.a-rt.ch\/index.php?rest_route=\/wp\/v2\/pages\/4568","targetHints":{"allow":["GET"]}}],"collection":[{"href":"https:\/\/ros.a-rt.ch\/index.php?rest_route=\/wp\/v2\/pages"}],"about":[{"href":"https:\/\/ros.a-rt.ch\/index.php?rest_route=\/wp\/v2\/types\/page"}],"author":[{"embeddable":true,"href":"https:\/\/ros.a-rt.ch\/index.php?rest_route=\/wp\/v2\/users\/4"}],"replies":[{"embeddable":true,"href":"https:\/\/ros.a-rt.ch\/index.php?rest_route=%2Fwp%2Fv2%2Fcomments&post=4568"}],"version-history":[{"count":3,"href":"https:\/\/ros.a-rt.ch\/index.php?rest_route=\/wp\/v2\/pages\/4568\/revisions"}],"predecessor-version":[{"id":5259,"href":"https:\/\/ros.a-rt.ch\/index.php?rest_route=\/wp\/v2\/pages\/4568\/revisions\/5259"}],"up":[{"embeddable":true,"href":"https:\/\/ros.a-rt.ch\/index.php?rest_route=\/wp\/v2\/pages\/102"}],"wp:attachment":[{"href":"https:\/\/ros.a-rt.ch\/index.php?rest_route=%2Fwp%2Fv2%2Fmedia&parent=4568"}],"curies":[{"name":"wp","href":"https:\/\/api.w.org\/{rel}","templated":true}]}}