{"id":4570,"date":"2020-07-19T13:26:19","date_gmt":"2020-07-19T12:26:19","guid":{"rendered":"https:\/\/ros.a-rt.ch\/?page_id=4570"},"modified":"2020-08-15T12:59:00","modified_gmt":"2020-08-15T10:59:00","slug":"ausstellungen-2016-2020","status":"publish","type":"page","link":"https:\/\/ros.a-rt.ch\/?page_id=4570","title":{"rendered":"Ausstellungen 2016 &#8211; 2020"},"content":{"rendered":"\n<p>   <\/p>\n\n\n<ul class=\"wp-block-latest-posts__list wp-block-latest-posts\"><li><a class=\"wp-block-latest-posts__post-title\" href=\"https:\/\/ros.a-rt.ch\/?p=3245\">WerkHaus 45, St. Gallen Haggen<\/a><div class=\"wp-block-latest-posts__post-excerpt\">\u00a0www.werkhaus45.ch \u00dcber diese Adresse finden Sie in den n\u00e4chsten Wochen\u00a0die jeweils aktuellsten Informationen \u00fcber das Projekt WerkHaus 45 in St. <a class=\"more-link\" href=\"https:\/\/ros.a-rt.ch\/?p=3245\">Weiterlesen&#8230;<\/a><\/div><\/li>\n<li><a class=\"wp-block-latest-posts__post-title\" href=\"https:\/\/ros.a-rt.ch\/?p=3257\">WerkHaus 45, Vorbereitungen<\/a><div class=\"wp-block-latest-posts__post-excerpt\">Das k\u00fcnstlerische Schaffen an einen anderen Ort zu verlegen gibt neue Impulse.\u00a0Die Wahrnehmungen in Begegnungen und in den R\u00e4umen\u00a0werden das <a class=\"more-link\" href=\"https:\/\/ros.a-rt.ch\/?p=3257\">Weiterlesen&#8230;<\/a><\/div><\/li>\n<li><a class=\"wp-block-latest-posts__post-title\" href=\"https:\/\/ros.a-rt.ch\/?p=3271\">WerkHaus45, sich einfinden<\/a><div class=\"wp-block-latest-posts__post-excerpt\">An diesem Ort ankommen, der eine Fabrik war. In diesen R\u00e4umen.\u00a0Mich einfinden in meinem tempor\u00e4ren Raum.\u00a0Vom Ganzen zu Details gelangen\u00a0und <a class=\"more-link\" href=\"https:\/\/ros.a-rt.ch\/?p=3271\">Weiterlesen&#8230;<\/a><\/div><\/li>\n<li><a class=\"wp-block-latest-posts__post-title\" href=\"https:\/\/ros.a-rt.ch\/?p=3277\">WerkHaus45, M\u00f6glichkeiten<\/a><div class=\"wp-block-latest-posts__post-excerpt\">M\u00f6glichkeiten des Raumes ausprobieren und\u00a0Ideen konkretisieren,\u00a0in Gedanken durchspielen und wieder verwerfen.\u00a0Ich h\u00e4nge meine Linolschnitte auf,\u00a0beginne zu malen.\u00a0Das Ziel ist aber, <a class=\"more-link\" href=\"https:\/\/ros.a-rt.ch\/?p=3277\">Weiterlesen&#8230;<\/a><\/div><\/li>\n<li><a class=\"wp-block-latest-posts__post-title\" href=\"https:\/\/ros.a-rt.ch\/?p=3289\">WerkHaus45, Fokus<\/a><div class=\"wp-block-latest-posts__post-excerpt\">In der vergangenen Woche hat sich eine Arbeit ergeben,&nbsp;mit der ich nun besch\u00e4ftigt bin. Dazu gebracht haben mich die Nachrichten <a class=\"more-link\" href=\"https:\/\/ros.a-rt.ch\/?p=3289\">Weiterlesen&#8230;<\/a><\/div><\/li>\n<li><a class=\"wp-block-latest-posts__post-title\" href=\"https:\/\/ros.a-rt.ch\/?p=3318\">WerkHaus45, letzte Woche<\/a><div class=\"wp-block-latest-posts__post-excerpt\">Die letzte Woche im WerkHaus ist bereits angebrochen.\u00a0RANDNOTIZEN &#8211; EINE LANGE MEDITATION ist fertig geworden\u00a0und hat bei Besucher*innen viele Reaktionen <a class=\"more-link\" href=\"https:\/\/ros.a-rt.ch\/?p=3318\">Weiterlesen&#8230;<\/a><\/div><\/li>\n<li><a class=\"wp-block-latest-posts__post-title\" href=\"https:\/\/ros.a-rt.ch\/?p=3325\">WerkHaus45, Abschied<\/a><div class=\"wp-block-latest-posts__post-excerpt\">RANDNOTIZEN &#8211; EINE LANGE MEDITATION\u00a0habe ich bei meinem letzten Beitrag eben beendet.\u00a0Nachdem meine Raumkollegin ihre Arbeit an der grossen weissen <a class=\"more-link\" href=\"https:\/\/ros.a-rt.ch\/?p=3325\">Weiterlesen&#8230;<\/a><\/div><\/li>\n<li><a class=\"wp-block-latest-posts__post-title\" href=\"https:\/\/ros.a-rt.ch\/?p=3343\">WerkHaus45, Nachklang<\/a><div class=\"wp-block-latest-posts__post-excerpt\">Die gef\u00fcllte und erf\u00fcllte Zeit im WerkHaus45 klingt weiter.\u00a0Einmal mehr war es spannend,\u00a0einen Ortswechsel zu machen und so,\u00a0Gedanken anders zu <a class=\"more-link\" href=\"https:\/\/ros.a-rt.ch\/?p=3343\">Weiterlesen&#8230;<\/a><\/div><\/li>\n<li><a class=\"wp-block-latest-posts__post-title\" href=\"https:\/\/ros.a-rt.ch\/?p=3478\">Von hier und woanders, 2016<\/a><div class=\"wp-block-latest-posts__post-excerpt\">Die alte Bank in Niederuzwil ist ein Kulturangebot der Gemeinde Uzwil. Dies ist eine Ausstellung zusammen mit der Winterthurer K\u00fcnstlerin <a class=\"more-link\" href=\"https:\/\/ros.a-rt.ch\/?p=3478\">Weiterlesen&#8230;<\/a><\/div><\/li>\n<li><a class=\"wp-block-latest-posts__post-title\" href=\"https:\/\/ros.a-rt.ch\/?p=3536\">Werkerei 12, Herisau, 2016<\/a><div class=\"wp-block-latest-posts__post-excerpt\">M\u00f6bel von Thomas Baumgartner und Bilder, Bildobjekte von mir, sowie Papierobjekte und Papierschmuck von Orfea Mittelholzer erg\u00e4nzen sich in der <a class=\"more-link\" href=\"https:\/\/ros.a-rt.ch\/?p=3536\">Weiterlesen&#8230;<\/a><\/div><\/li>\n<li><a class=\"wp-block-latest-posts__post-title\" href=\"https:\/\/ros.a-rt.ch\/?p=3544\">arealROTFARB, Aadorf, 2016<\/a><div class=\"wp-block-latest-posts__post-excerpt\">arealROTFARB.ch &nbsp;in Aadorf &#8211; &nbsp;urspr\u00fcnglich eine Spinnerei &#8211;&nbsp;ist ein Ort zum Wohnen, f\u00fcr Gewerbe und Kultur.&nbsp;Ich bin eingeladen, im November <a class=\"more-link\" href=\"https:\/\/ros.a-rt.ch\/?p=3544\">Weiterlesen&#8230;<\/a><\/div><\/li>\n<li><a class=\"wp-block-latest-posts__post-title\" href=\"https:\/\/ros.a-rt.ch\/?p=3685\">5\u00fcnfstern Offene K\u00fcnstlerateliers 2017<\/a><div class=\"wp-block-latest-posts__post-excerpt\">Offene Ateliers von ca. 250 K\u00fcnstlerinnen und K\u00fcnstlern in den Kantonen AI, AR, SG, TG.\u00a0Im Atelier lassen sich Entstehungsgeschichten \u00a0und <a class=\"more-link\" href=\"https:\/\/ros.a-rt.ch\/?p=3685\">Weiterlesen&#8230;<\/a><\/div><\/li>\n<li><a class=\"wp-block-latest-posts__post-title\" href=\"https:\/\/ros.a-rt.ch\/?p=3730\">Rathaus Lichtensteig, 2017<\/a><div class=\"wp-block-latest-posts__post-excerpt\">Das Rathaus von Lichtensteig ist Teil der historischen Altstadt.\u00a0Im Treppenhaus und auf zwei Etagen ist grossz\u00fcgig Raum f\u00fcr Bilder und <a class=\"more-link\" href=\"https:\/\/ros.a-rt.ch\/?p=3730\">Weiterlesen&#8230;<\/a><\/div><\/li>\n<li><a class=\"wp-block-latest-posts__post-title\" href=\"https:\/\/ros.a-rt.ch\/?p=3762\">Kunstpyramiden bei Rigolo<\/a><div class=\"wp-block-latest-posts__post-excerpt\">Rigolo Swiss Nouveau Cirque feiert sein 40 j\u00e4hriges Jubil\u00e4um.\u00a0Zu diesem Anlass sollen 40 Kunstpyramiden die Tournee\u00a0WINGS\u00a0begleiten.\u00a0Diese Pyramiden werden gestaltet von <a class=\"more-link\" href=\"https:\/\/ros.a-rt.ch\/?p=3762\">Weiterlesen&#8230;<\/a><\/div><\/li>\n<li><a class=\"wp-block-latest-posts__post-title\" href=\"https:\/\/ros.a-rt.ch\/?p=4034\">ohm41  sieben mal 20, 2019<\/a><div class=\"wp-block-latest-posts__post-excerpt\">Vom\u00a02. Juni bis 14. Juli 2019 inszeniert die K\u00fcnstlergruppe ohm41 in der\u00a0Kunsthalle Wil die erste Kunstzertifizierung der Schweiz. Dazu haben <a class=\"more-link\" href=\"https:\/\/ros.a-rt.ch\/?p=4034\">Weiterlesen&#8230;<\/a><\/div><\/li>\n<li><a class=\"wp-block-latest-posts__post-title\" href=\"https:\/\/ros.a-rt.ch\/?p=4087\">UNTERWELT in Lichtensteig 2019<\/a><div class=\"wp-block-latest-posts__post-excerpt\">Es ist Leben eingekehrt in der Unterwelt von Lichtensteig. In 14 versch. Keller des mittelalterlichen St\u00e4dtchens k\u00f6nnen Besucherinnen und Besucher <a class=\"more-link\" href=\"https:\/\/ros.a-rt.ch\/?p=4087\">Weiterlesen&#8230;<\/a><\/div><\/li>\n<li><a class=\"wp-block-latest-posts__post-title\" href=\"https:\/\/ros.a-rt.ch\/?p=4122\">Nachtdurchwirktes, Mondgewebtes, Sonnengeflochtenes, 2019<\/a><div class=\"wp-block-latest-posts__post-excerpt\">Ein vor 10 Jahren entstandener Aquarellzyklus findet im ovalen Raum des neuen Kirchenzentrums erstmals als Ganzes den Weg in die <a class=\"more-link\" href=\"https:\/\/ros.a-rt.ch\/?p=4122\">Weiterlesen&#8230;<\/a><\/div><\/li>\n<li><a class=\"wp-block-latest-posts__post-title\" href=\"https:\/\/ros.a-rt.ch\/?p=4266\">Galerie L33, Werdenberg, 2019<\/a><div class=\"wp-block-latest-posts__post-excerpt\">Am 22. Februar 2020 ist der Auftakt zur Gruppenausstellung in der grossz\u00fcgigen und modernen Galerie L33 von Dominik Lippuner. Ihre <a class=\"more-link\" href=\"https:\/\/ros.a-rt.ch\/?p=4266\">Weiterlesen&#8230;<\/a><\/div><\/li>\n<li><a class=\"wp-block-latest-posts__post-title\" href=\"https:\/\/ros.a-rt.ch\/?p=4296\">Galerie L33, Werdenberg<\/a><div class=\"wp-block-latest-posts__post-excerpt\">Die Ausstellung in Werdenberg konnte zwei Wochen besucht werden. Danach war sie &#8211; wie so viele andere Orte wegen der <a class=\"more-link\" href=\"https:\/\/ros.a-rt.ch\/?p=4296\">Weiterlesen&#8230;<\/a><\/div><\/li>\n<li><a class=\"wp-block-latest-posts__post-title\" href=\"https:\/\/ros.a-rt.ch\/?p=5900\">KunstTreibHaus 2020<\/a><div class=\"wp-block-latest-posts__post-excerpt\">Ort:\u00a0Das Gew\u00e4chshaus der G\u00e4rtnerei Schneeberger, Ebnat-Kappel K\u00fcnstlerinnen:\u00a0Helen Lang-Kobelt, Weinfelden und Ebnat-Kappel, Sonja R\u00fcegg, Ebnat-Kappel, Rosmarie Abderhalden, Ebnat-Kappel Projektidee:\u00a0Mit dieser Kunstintervention <a class=\"more-link\" href=\"https:\/\/ros.a-rt.ch\/?p=5900\">Weiterlesen&#8230;<\/a><\/div><\/li>\n<\/ul>","protected":false},"excerpt":{"rendered":"","protected":false},"author":4,"featured_media":0,"parent":102,"menu_order":0,"comment_status":"closed","ping_status":"closed","template":"","meta":{"footnotes":""},"class_list":["post-4570","page","type-page","status-publish","hentry"],"_links":{"self":[{"href":"https:\/\/ros.a-rt.ch\/index.php?rest_route=\/wp\/v2\/pages\/4570","targetHints":{"allow":["GET"]}}],"collection":[{"href":"https:\/\/ros.a-rt.ch\/index.php?rest_route=\/wp\/v2\/pages"}],"about":[{"href":"https:\/\/ros.a-rt.ch\/index.php?rest_route=\/wp\/v2\/types\/page"}],"author":[{"embeddable":true,"href":"https:\/\/ros.a-rt.ch\/index.php?rest_route=\/wp\/v2\/users\/4"}],"replies":[{"embeddable":true,"href":"https:\/\/ros.a-rt.ch\/index.php?rest_route=%2Fwp%2Fv2%2Fcomments&post=4570"}],"version-history":[{"count":3,"href":"https:\/\/ros.a-rt.ch\/index.php?rest_route=\/wp\/v2\/pages\/4570\/revisions"}],"predecessor-version":[{"id":5260,"href":"https:\/\/ros.a-rt.ch\/index.php?rest_route=\/wp\/v2\/pages\/4570\/revisions\/5260"}],"up":[{"embeddable":true,"href":"https:\/\/ros.a-rt.ch\/index.php?rest_route=\/wp\/v2\/pages\/102"}],"wp:attachment":[{"href":"https:\/\/ros.a-rt.ch\/index.php?rest_route=%2Fwp%2Fv2%2Fmedia&parent=4570"}],"curies":[{"name":"wp","href":"https:\/\/api.w.org\/{rel}","templated":true}]}}