{"id":6090,"date":"2021-11-13T15:58:46","date_gmt":"2021-11-13T14:58:46","guid":{"rendered":"https:\/\/ros.a-rt.ch\/?page_id=6090"},"modified":"2021-11-13T15:58:47","modified_gmt":"2021-11-13T14:58:47","slug":"werke-2021-2025","status":"publish","type":"page","link":"https:\/\/ros.a-rt.ch\/?page_id=6090","title":{"rendered":"Werke 2021 &#8211; 2025"},"content":{"rendered":"<ul class=\"wp-block-latest-posts__list wp-block-latest-posts\"><li><div class=\"wp-block-latest-posts__featured-image alignleft\"><img loading=\"lazy\" decoding=\"async\" width=\"150\" height=\"150\" src=\"https:\/\/ros.a-rt.ch\/wp-content\/uploads\/2021\/09\/IMG_5620-150x150.jpg\" class=\"attachment-thumbnail size-thumbnail wp-post-image\" alt=\"\" style=\"\" srcset=\"https:\/\/ros.a-rt.ch\/wp-content\/uploads\/2021\/09\/IMG_5620-150x150.jpg 150w, https:\/\/ros.a-rt.ch\/wp-content\/uploads\/2021\/09\/IMG_5620-200x200.jpg 200w, https:\/\/ros.a-rt.ch\/wp-content\/uploads\/2021\/09\/IMG_5620-100x100.jpg 100w, https:\/\/ros.a-rt.ch\/wp-content\/uploads\/2021\/09\/IMG_5620-40x40.jpg 40w\" sizes=\"auto, (max-width: 150px) 100vw, 150px\" \/><\/div><a class=\"wp-block-latest-posts__post-title\" href=\"https:\/\/ros.a-rt.ch\/?p=6080\">Veil, 2021<\/a><div class=\"wp-block-latest-posts__post-excerpt\">Gr\u00f6sse: 257 x 260 cm Technik: Abdeckkleber und Acryl auf Recyclingbauplane<\/div><\/li>\n<li><div class=\"wp-block-latest-posts__featured-image alignleft\"><img loading=\"lazy\" decoding=\"async\" width=\"150\" height=\"150\" src=\"https:\/\/ros.a-rt.ch\/wp-content\/uploads\/2021\/11\/IMG_9032-150x150.jpg\" class=\"attachment-thumbnail size-thumbnail wp-post-image\" alt=\"\" style=\"\" srcset=\"https:\/\/ros.a-rt.ch\/wp-content\/uploads\/2021\/11\/IMG_9032-150x150.jpg 150w, https:\/\/ros.a-rt.ch\/wp-content\/uploads\/2021\/11\/IMG_9032-200x200.jpg 200w, https:\/\/ros.a-rt.ch\/wp-content\/uploads\/2021\/11\/IMG_9032-100x100.jpg 100w, https:\/\/ros.a-rt.ch\/wp-content\/uploads\/2021\/11\/IMG_9032-40x40.jpg 40w\" sizes=\"auto, (max-width: 150px) 100vw, 150px\" \/><\/div><a class=\"wp-block-latest-posts__post-title\" href=\"https:\/\/ros.a-rt.ch\/?p=6110\">Waldeslust, 2021, Serie<\/a><div class=\"wp-block-latest-posts__post-excerpt\">Gr\u00f6sse: 8 Objektcollagen, je 20 x 20 cm Acryl, Waldfundst\u00fccke und Abfall, Fotos in Holzk\u00f6rper<\/div><\/li>\n<li><div class=\"wp-block-latest-posts__featured-image alignleft\"><img loading=\"lazy\" decoding=\"async\" width=\"150\" height=\"150\" src=\"https:\/\/ros.a-rt.ch\/wp-content\/uploads\/2021\/11\/IMG_6205-150x150.jpg\" class=\"attachment-thumbnail size-thumbnail wp-post-image\" alt=\"\" style=\"\" srcset=\"https:\/\/ros.a-rt.ch\/wp-content\/uploads\/2021\/11\/IMG_6205-150x150.jpg 150w, https:\/\/ros.a-rt.ch\/wp-content\/uploads\/2021\/11\/IMG_6205-200x200.jpg 200w, https:\/\/ros.a-rt.ch\/wp-content\/uploads\/2021\/11\/IMG_6205-100x100.jpg 100w, https:\/\/ros.a-rt.ch\/wp-content\/uploads\/2021\/11\/IMG_6205-40x40.jpg 40w\" sizes=\"auto, (max-width: 150px) 100vw, 150px\" \/><\/div><a class=\"wp-block-latest-posts__post-title\" href=\"https:\/\/ros.a-rt.ch\/?p=6100\">Memento, 2021<\/a><div class=\"wp-block-latest-posts__post-excerpt\">Gr\u00f6sse: 150 x 61 x 28 cm Setzkasten, Holz, Bilderrahmen mit Glas, Holzkugel, Maussch\u00e4del, Wollspule, Feder<\/div><\/li>\n<li><div class=\"wp-block-latest-posts__featured-image alignleft\"><img loading=\"lazy\" decoding=\"async\" width=\"150\" height=\"150\" src=\"https:\/\/ros.a-rt.ch\/wp-content\/uploads\/2021\/12\/IMG_7971-150x150.jpg\" class=\"attachment-thumbnail size-thumbnail wp-post-image\" alt=\"\" style=\"\" srcset=\"https:\/\/ros.a-rt.ch\/wp-content\/uploads\/2021\/12\/IMG_7971-150x150.jpg 150w, https:\/\/ros.a-rt.ch\/wp-content\/uploads\/2021\/12\/IMG_7971-200x200.jpg 200w, https:\/\/ros.a-rt.ch\/wp-content\/uploads\/2021\/12\/IMG_7971-100x100.jpg 100w, https:\/\/ros.a-rt.ch\/wp-content\/uploads\/2021\/12\/IMG_7971-40x40.jpg 40w\" sizes=\"auto, (max-width: 150px) 100vw, 150px\" \/><\/div><a class=\"wp-block-latest-posts__post-title\" href=\"https:\/\/ros.a-rt.ch\/?p=6112\">Ph\u00f6nix, 2021<\/a><div class=\"wp-block-latest-posts__post-excerpt\">Gr\u00f6sse: 160 x 90 x 75 cm Vogel aus Gips, Acryl, Setzkasten, Holzring, Asche, div. Material<\/div><\/li>\n<\/ul>","protected":false},"excerpt":{"rendered":"","protected":false},"author":4,"featured_media":0,"parent":0,"menu_order":0,"comment_status":"closed","ping_status":"closed","template":"","meta":{"footnotes":""},"class_list":["post-6090","page","type-page","status-publish","hentry"],"_links":{"self":[{"href":"https:\/\/ros.a-rt.ch\/index.php?rest_route=\/wp\/v2\/pages\/6090","targetHints":{"allow":["GET"]}}],"collection":[{"href":"https:\/\/ros.a-rt.ch\/index.php?rest_route=\/wp\/v2\/pages"}],"about":[{"href":"https:\/\/ros.a-rt.ch\/index.php?rest_route=\/wp\/v2\/types\/page"}],"author":[{"embeddable":true,"href":"https:\/\/ros.a-rt.ch\/index.php?rest_route=\/wp\/v2\/users\/4"}],"replies":[{"embeddable":true,"href":"https:\/\/ros.a-rt.ch\/index.php?rest_route=%2Fwp%2Fv2%2Fcomments&post=6090"}],"version-history":[{"count":3,"href":"https:\/\/ros.a-rt.ch\/index.php?rest_route=\/wp\/v2\/pages\/6090\/revisions"}],"predecessor-version":[{"id":6094,"href":"https:\/\/ros.a-rt.ch\/index.php?rest_route=\/wp\/v2\/pages\/6090\/revisions\/6094"}],"wp:attachment":[{"href":"https:\/\/ros.a-rt.ch\/index.php?rest_route=%2Fwp%2Fv2%2Fmedia&parent=6090"}],"curies":[{"name":"wp","href":"https:\/\/api.w.org\/{rel}","templated":true}]}}